{"id":56,"date":"2023-10-31T10:50:20","date_gmt":"2023-10-31T10:50:20","guid":{"rendered":"http:\/\/dev.immo-contor.ch\/?page_id=56"},"modified":"2025-06-10T08:19:54","modified_gmt":"2025-06-10T08:19:54","slug":"engagement","status":"publish","type":"page","link":"http:\/\/dev.immo-contor.ch\/index.php\/engagement\/","title":{"rendered":"Engagement"},"content":{"rendered":"\t\t<div \nWarning: Increment on type bool has no effect, this will change in the next major version of PHP in \/home\/httpd\/vhosts\/immo-contor.ch\/dev.immo-contor.ch\/wp-content\/plugins\/elementor\/includes\/base\/controls-stack.php on line 741\ndata-elementor-type=\"wp-page\" data-elementor-id=\"56\" class=\"elementor elementor-56\">\n\t\t\t\t<div class=\"elementor-element elementor-element-ca99cd6 e-flex e-con-boxed e-con e-parent\" data-id=\"ca99cd6\" data-element_type=\"container\">\n\t\t\t\t\t<div class=\"e-con-inner\">\n\t\t\t\t<div class=\"elementor-element elementor-element-e921dd0 elementor-widget elementor-widget-image\" data-id=\"e921dd0\" data-element_type=\"widget\" data-widget_type=\"image.default\">\n\t\t\t\t<div class=\"elementor-widget-container\">\n\t\t\t\t\t\t\t\t\t\t\t\t\t\t\t<img fetchpriority=\"high\" decoding=\"async\" width=\"1600\" height=\"900\" src=\"http:\/\/dev.immo-contor.ch\/wp-content\/uploads\/2025\/06\/pexels-guel-isik-3292558.jpg\" class=\"attachment-full size-full wp-image-365\" alt=\"\" srcset=\"http:\/\/dev.immo-contor.ch\/wp-content\/uploads\/2025\/06\/pexels-guel-isik-3292558.jpg 1600w, http:\/\/dev.immo-contor.ch\/wp-content\/uploads\/2025\/06\/pexels-guel-isik-3292558-300x169.jpg 300w, http:\/\/dev.immo-contor.ch\/wp-content\/uploads\/2025\/06\/pexels-guel-isik-3292558-1024x576.jpg 1024w, http:\/\/dev.immo-contor.ch\/wp-content\/uploads\/2025\/06\/pexels-guel-isik-3292558-768x432.jpg 768w, http:\/\/dev.immo-contor.ch\/wp-content\/uploads\/2025\/06\/pexels-guel-isik-3292558-1536x864.jpg 1536w\" sizes=\"(max-width: 1600px) 100vw, 1600px\" \/>\t\t\t\t\t\t\t\t\t\t\t\t\t\t\t<\/div>\n\t\t\t\t<\/div>\n\t\t\t\t<div class=\"elementor-element elementor-element-145cd02 elementor-widget elementor-widget-spacer\" data-id=\"145cd02\" data-element_type=\"widget\" data-widget_type=\"spacer.default\">\n\t\t\t\t<div class=\"elementor-widget-container\">\n\t\t\t\t\t\t\t<div class=\"elementor-spacer\">\n\t\t\t<div class=\"elementor-spacer-inner\"><\/div>\n\t\t<\/div>\n\t\t\t\t\t\t<\/div>\n\t\t\t\t<\/div>\n\t\t\t\t\t<\/div>\n\t\t\t\t<\/div>\n\t\t<div class=\"elementor-element elementor-element-34a98a8 e-flex e-con-boxed e-con e-parent\" data-id=\"34a98a8\" data-element_type=\"container\">\n\t\t\t\t\t<div class=\"e-con-inner\">\n\t\t<div class=\"elementor-element elementor-element-2bd94c3 e-con-full e-flex e-con e-child\" data-id=\"2bd94c3\" data-element_type=\"container\">\n\t\t\t\t<div class=\"elementor-element elementor-element-fbad126 elementor-widget elementor-widget-image\" data-id=\"fbad126\" data-element_type=\"widget\" data-widget_type=\"image.default\">\n\t\t\t\t<div class=\"elementor-widget-container\">\n\t\t\t\t\t\t\t\t\t\t\t\t\t\t\t<img decoding=\"async\" width=\"1280\" height=\"1280\" src=\"http:\/\/dev.immo-contor.ch\/wp-content\/uploads\/2023\/11\/Rolf.jpg\" class=\"attachment-full size-full wp-image-246\" alt=\"\" srcset=\"http:\/\/dev.immo-contor.ch\/wp-content\/uploads\/2023\/11\/Rolf.jpg 1280w, http:\/\/dev.immo-contor.ch\/wp-content\/uploads\/2023\/11\/Rolf-300x300.jpg 300w, http:\/\/dev.immo-contor.ch\/wp-content\/uploads\/2023\/11\/Rolf-1024x1024.jpg 1024w, http:\/\/dev.immo-contor.ch\/wp-content\/uploads\/2023\/11\/Rolf-150x150.jpg 150w, http:\/\/dev.immo-contor.ch\/wp-content\/uploads\/2023\/11\/Rolf-768x768.jpg 768w\" sizes=\"(max-width: 1280px) 100vw, 1280px\" \/>\t\t\t\t\t\t\t\t\t\t\t\t\t\t\t<\/div>\n\t\t\t\t<\/div>\n\t\t\t\t<\/div>\n\t\t<div class=\"elementor-element elementor-element-bdcb4d4 e-con-full e-flex e-con e-child\" data-id=\"bdcb4d4\" data-element_type=\"container\">\n\t\t\t\t<div class=\"elementor-element elementor-element-9c223ca elementor-widget elementor-widget-heading\" data-id=\"9c223ca\" data-element_type=\"widget\" data-widget_type=\"heading.default\">\n\t\t\t\t<div class=\"elementor-widget-container\">\n\t\t\t\t\t<h2 class=\"elementor-heading-title elementor-size-default\">Engagement<\/h2>\t\t\t\t<\/div>\n\t\t\t\t<\/div>\n\t\t\t\t<div class=\"elementor-element elementor-element-c12ac02 elementor-widget elementor-widget-text-editor\" data-id=\"c12ac02\" data-element_type=\"widget\" data-widget_type=\"text-editor.default\">\n\t\t\t\t<div class=\"elementor-widget-container\">\n\t\t\t\t\t\t\t\t\t<p>Wir glauben, dass jedes Unternehmen eine soziale Verantwortung hat. Aus diesem Grund engagieren wir uns in enger Zusammenarbeit mit der Br\u00fcggli AG f\u00fcr eine nachhaltige und sozial vertr\u00e4gliche Immobilienentwicklung. Gemeinsam setzen wir uns f\u00fcr Projekte ein, welche die Lebensqualit\u00e4t in unserer Gesellschaft steigern und ein umweltbewusstes Handeln f\u00f6rdern. Durch das Immo-Contor-Sozialprozent f\u00f6rdern wir nicht nur soziale und kulturelle Projekte, wir gew\u00e4hren auch Vorzugskonditionen f\u00fcr Benachteiligte und Personen in wirtschaftlich schwierigen Verh\u00e4ltnissen.<\/p><p><strong>Rolf Beerli<\/strong><br \/>Gesch\u00e4ftsf\u00fchrer Immo-Contor AG<\/p>\t\t\t\t\t\t\t\t<\/div>\n\t\t\t\t<\/div>\n\t\t\t\t<\/div>\n\t\t\t\t\t<\/div>\n\t\t\t\t<\/div>\n\t\t\t\t<\/div>\n\t\t","protected":false},"excerpt":{"rendered":"<p>Engagement Wir glauben, dass jedes Unternehmen eine soziale Verantwortung hat. Aus diesem Grund engagieren wir uns in enger Zusammenarbeit mit der Br\u00fcggli AG f\u00fcr eine nachhaltige und sozial vertr\u00e4gliche Immobilienentwicklung. Gemeinsam setzen wir uns f\u00fcr Projekte ein, welche die Lebensqualit\u00e4t in unserer Gesellschaft steigern und ein umweltbewusstes Handeln f\u00f6rdern. Durch das Immo-Contor-Sozialprozent f\u00f6rdern wir nicht [&hellip;]<\/p>\n","protected":false},"author":1,"featured_media":0,"parent":0,"menu_order":0,"comment_status":"closed","ping_status":"closed","template":"","meta":{"footnotes":""},"class_list":["post-56","page","type-page","status-publish","hentry"],"_links":{"self":[{"href":"http:\/\/dev.immo-contor.ch\/index.php\/wp-json\/wp\/v2\/pages\/56","targetHints":{"allow":["GET"]}}],"collection":[{"href":"http:\/\/dev.immo-contor.ch\/index.php\/wp-json\/wp\/v2\/pages"}],"about":[{"href":"http:\/\/dev.immo-contor.ch\/index.php\/wp-json\/wp\/v2\/types\/page"}],"author":[{"embeddable":true,"href":"http:\/\/dev.immo-contor.ch\/index.php\/wp-json\/wp\/v2\/users\/1"}],"replies":[{"embeddable":true,"href":"http:\/\/dev.immo-contor.ch\/index.php\/wp-json\/wp\/v2\/comments?post=56"}],"version-history":[{"count":10,"href":"http:\/\/dev.immo-contor.ch\/index.php\/wp-json\/wp\/v2\/pages\/56\/revisions"}],"predecessor-version":[{"id":378,"href":"http:\/\/dev.immo-contor.ch\/index.php\/wp-json\/wp\/v2\/pages\/56\/revisions\/378"}],"wp:attachment":[{"href":"http:\/\/dev.immo-contor.ch\/index.php\/wp-json\/wp\/v2\/media?parent=56"}],"curies":[{"name":"wp","href":"https:\/\/api.w.org\/{rel}","templated":true}]}}