{"id":73,"date":"2023-11-02T09:13:23","date_gmt":"2023-11-02T09:13:23","guid":{"rendered":"http:\/\/dev.immo-contor.ch\/?page_id=73"},"modified":"2025-06-10T08:19:47","modified_gmt":"2025-06-10T08:19:47","slug":"bewertungen","status":"publish","type":"page","link":"http:\/\/dev.immo-contor.ch\/index.php\/bewertungen\/","title":{"rendered":"Bewertungen"},"content":{"rendered":"\t\t<div \nWarning: Increment on type bool has no effect, this will change in the next major version of PHP in \/home\/httpd\/vhosts\/immo-contor.ch\/dev.immo-contor.ch\/wp-content\/plugins\/elementor\/includes\/base\/controls-stack.php on line 741\ndata-elementor-type=\"wp-page\" data-elementor-id=\"73\" class=\"elementor elementor-73\">\n\t\t\t\t<div class=\"elementor-element elementor-element-0118985 e-flex e-con-boxed e-con e-parent\" data-id=\"0118985\" data-element_type=\"container\">\n\t\t\t\t\t<div class=\"e-con-inner\">\n\t\t<div class=\"elementor-element elementor-element-30a7d3e e-con-full e-flex e-con e-child\" data-id=\"30a7d3e\" data-element_type=\"container\">\n\t\t\t\t<div class=\"elementor-element elementor-element-25f49fb elementor-widget elementor-widget-image\" data-id=\"25f49fb\" data-element_type=\"widget\" data-widget_type=\"image.default\">\n\t\t\t\t<div class=\"elementor-widget-container\">\n\t\t\t\t\t\t\t\t\t\t\t\t\t\t\t<img fetchpriority=\"high\" decoding=\"async\" width=\"1920\" height=\"822\" src=\"http:\/\/dev.immo-contor.ch\/wp-content\/uploads\/2023\/11\/pexels-anete-lusina-4792498-e1747921095764.jpg\" class=\"attachment-full size-full wp-image-162\" alt=\"\" srcset=\"http:\/\/dev.immo-contor.ch\/wp-content\/uploads\/2023\/11\/pexels-anete-lusina-4792498-e1747921095764.jpg 1920w, http:\/\/dev.immo-contor.ch\/wp-content\/uploads\/2023\/11\/pexels-anete-lusina-4792498-e1747921095764-300x128.jpg 300w, http:\/\/dev.immo-contor.ch\/wp-content\/uploads\/2023\/11\/pexels-anete-lusina-4792498-e1747921095764-1024x438.jpg 1024w, http:\/\/dev.immo-contor.ch\/wp-content\/uploads\/2023\/11\/pexels-anete-lusina-4792498-e1747921095764-768x329.jpg 768w, http:\/\/dev.immo-contor.ch\/wp-content\/uploads\/2023\/11\/pexels-anete-lusina-4792498-e1747921095764-1536x658.jpg 1536w\" sizes=\"(max-width: 1920px) 100vw, 1920px\" \/>\t\t\t\t\t\t\t\t\t\t\t\t\t\t\t<\/div>\n\t\t\t\t<\/div>\n\t\t\t\t<\/div>\n\t\t\t\t\t<\/div>\n\t\t\t\t<\/div>\n\t\t<div class=\"elementor-element elementor-element-b7f8e46 e-flex e-con-boxed e-con e-parent\" data-id=\"b7f8e46\" data-element_type=\"container\">\n\t\t\t\t\t<div class=\"e-con-inner\">\n\t\t\t\t<div class=\"elementor-element elementor-element-1762874 elementor-widget elementor-widget-spacer\" data-id=\"1762874\" data-element_type=\"widget\" data-widget_type=\"spacer.default\">\n\t\t\t\t<div class=\"elementor-widget-container\">\n\t\t\t\t\t\t\t<div class=\"elementor-spacer\">\n\t\t\t<div class=\"elementor-spacer-inner\"><\/div>\n\t\t<\/div>\n\t\t\t\t\t\t<\/div>\n\t\t\t\t<\/div>\n\t\t\t\t\t<\/div>\n\t\t\t\t<\/div>\n\t\t<div class=\"elementor-element elementor-element-37814fc e-flex e-con-boxed e-con e-parent\" data-id=\"37814fc\" data-element_type=\"container\">\n\t\t\t\t\t<div class=\"e-con-inner\">\n\t\t<div class=\"elementor-element elementor-element-24bee89 e-con-full e-flex e-con e-child\" data-id=\"24bee89\" data-element_type=\"container\">\n\t\t\t\t<div class=\"elementor-element elementor-element-84026b3 elementor-widget elementor-widget-heading\" data-id=\"84026b3\" data-element_type=\"widget\" data-widget_type=\"heading.default\">\n\t\t\t\t<div class=\"elementor-widget-container\">\n\t\t\t\t\t<h2 class=\"elementor-heading-title elementor-size-default\">Liegenschaftsbewertung<\/h2>\t\t\t\t<\/div>\n\t\t\t\t<\/div>\n\t\t\t\t<div class=\"elementor-element elementor-element-bcb2096 elementor-widget elementor-widget-text-editor\" data-id=\"bcb2096\" data-element_type=\"widget\" data-widget_type=\"text-editor.default\">\n\t\t\t\t<div class=\"elementor-widget-container\">\n\t\t\t\t\t\t\t\t\t<p><em>Mit unserer umfangreichen Analyse erhalten Sie wertvolle Einblicke in den Immobilienmarkt und treffen fundierte Entscheidungen.<\/em><\/p>\t\t\t\t\t\t\t\t<\/div>\n\t\t\t\t<\/div>\n\t\t\t\t<div class=\"elementor-element elementor-element-5db21e0 elementor-widget elementor-widget-text-editor\" data-id=\"5db21e0\" data-element_type=\"widget\" data-widget_type=\"text-editor.default\">\n\t\t\t\t<div class=\"elementor-widget-container\">\n\t\t\t\t\t\t\t\t\t<p>Durch die sorgf\u00e4ltige Bewertung erkennen wir den tats\u00e4chlichen Wert der Immobilie und sind in der Lage, den besten Nutzen daraus zu ziehen. Eine kompetente und realistische Liegenschaften-Bewertung zeigt die aktuellen Marktverh\u00e4ltnisse auf. Sie ist das Fundament einer optimalen Bewirtschaftung und Entwicklung.<\/p>\t\t\t\t\t\t\t\t<\/div>\n\t\t\t\t<\/div>\n\t\t\t\t<\/div>\n\t\t<div class=\"elementor-element elementor-element-bccaf95 e-con-full e-flex e-con e-child\" data-id=\"bccaf95\" data-element_type=\"container\">\n\t\t\t\t<div class=\"elementor-element elementor-element-5e3c9c5 elementor-widget elementor-widget-heading\" data-id=\"5e3c9c5\" data-element_type=\"widget\" data-widget_type=\"heading.default\">\n\t\t\t\t<div class=\"elementor-widget-container\">\n\t\t\t\t\t<h2 class=\"elementor-heading-title elementor-size-default\">Ben\u00f6tigte Unterlagen f\u00fcr die Bewertung<\/h2>\t\t\t\t<\/div>\n\t\t\t\t<\/div>\n\t\t\t\t<div class=\"elementor-element elementor-element-df5a809 elementor-widget elementor-widget-text-editor\" data-id=\"df5a809\" data-element_type=\"widget\" data-widget_type=\"text-editor.default\">\n\t\t\t\t<div class=\"elementor-widget-container\">\n\t\t\t\t\t\t\t\t\t<ul><li>Aktueller Grundbuchauszug: Erh\u00e4ltlich beim zust\u00e4ndigen Grundbuchamt der Liegenschaft<\/li><li>Pl\u00e4ne: Grundriss- \/ Schnitt- \/ Fassadenpl\u00e4ne<\/li><li>Weitere privatrechtliche Vereinbarungen: Obligatorische Bestimmungen im Kaufvertrag,<br \/>in Bezug auf Baurecht, Abmachungen mit den Nachbarn etc.<\/li><li>Amtliche Geb\u00e4udeversicherungspolice: Mit Volumenberechnung<\/li><li>Allf\u00e4llige Unterlagen, falls das Geb\u00e4ude denkmalgesch\u00fctzt ist<\/li><li>Auszug aus dem Altlastenkataster, falls bekannt, sowie allf\u00e4lliges Sanierungskonzept<\/li><li>Mieterspiegel und Mietvertr\u00e4ge (falls welche bestehen)<\/li><li>Baukostenabrechnung (nur bei Neubauten)<\/li><li>Baubeschrieb (falls vorhanden)<\/li><li>Angaben \u00fcber allf\u00e4llige Sanierungen und Renovationen<\/li><li>Liegenschaftsabrechnung bei Mehrfamilienh\u00e4usern<\/li><li>Jahresrechnung bei Stockwerkeigentum<\/li><li>Reglement \u00fcber Stockwerkeigentum \/ Nutzungs- und Verwaltungsordnungen<\/li><li>Begr\u00fcndungsurkunde Stockwerkeigentum und \/ oder Begr\u00fcndungsplan (Aufteilungspl\u00e4ne)<\/li><li>Protokoll der letzten drei Stockwerkeigent\u00fcmer-Versammlungen<\/li><\/ul>\t\t\t\t\t\t\t\t<\/div>\n\t\t\t\t<\/div>\n\t\t\t\t<\/div>\n\t\t\t\t\t<\/div>\n\t\t\t\t<\/div>\n\t\t\t\t<\/div>\n\t\t","protected":false},"excerpt":{"rendered":"<p>Liegenschaftsbewertung Mit unserer umfangreichen Analyse erhalten Sie wertvolle Einblicke in den Immobilienmarkt und treffen fundierte Entscheidungen. Durch die sorgf\u00e4ltige Bewertung erkennen wir den tats\u00e4chlichen Wert der Immobilie und sind in der Lage, den besten Nutzen daraus zu ziehen. Eine kompetente und realistische Liegenschaften-Bewertung zeigt die aktuellen Marktverh\u00e4ltnisse auf. Sie ist das Fundament einer optimalen Bewirtschaftung [&hellip;]<\/p>\n","protected":false},"author":1,"featured_media":0,"parent":0,"menu_order":0,"comment_status":"closed","ping_status":"closed","template":"","meta":{"footnotes":""},"class_list":["post-73","page","type-page","status-publish","hentry"],"_links":{"self":[{"href":"http:\/\/dev.immo-contor.ch\/index.php\/wp-json\/wp\/v2\/pages\/73","targetHints":{"allow":["GET"]}}],"collection":[{"href":"http:\/\/dev.immo-contor.ch\/index.php\/wp-json\/wp\/v2\/pages"}],"about":[{"href":"http:\/\/dev.immo-contor.ch\/index.php\/wp-json\/wp\/v2\/types\/page"}],"author":[{"embeddable":true,"href":"http:\/\/dev.immo-contor.ch\/index.php\/wp-json\/wp\/v2\/users\/1"}],"replies":[{"embeddable":true,"href":"http:\/\/dev.immo-contor.ch\/index.php\/wp-json\/wp\/v2\/comments?post=73"}],"version-history":[{"count":32,"href":"http:\/\/dev.immo-contor.ch\/index.php\/wp-json\/wp\/v2\/pages\/73\/revisions"}],"predecessor-version":[{"id":396,"href":"http:\/\/dev.immo-contor.ch\/index.php\/wp-json\/wp\/v2\/pages\/73\/revisions\/396"}],"wp:attachment":[{"href":"http:\/\/dev.immo-contor.ch\/index.php\/wp-json\/wp\/v2\/media?parent=73"}],"curies":[{"name":"wp","href":"https:\/\/api.w.org\/{rel}","templated":true}]}}