{"id":85,"date":"2023-11-02T09:33:59","date_gmt":"2023-11-02T09:33:59","guid":{"rendered":"http:\/\/dev.immo-contor.ch\/?page_id=85"},"modified":"2025-05-23T13:21:26","modified_gmt":"2025-05-23T13:21:26","slug":"verwaltung","status":"publish","type":"page","link":"http:\/\/dev.immo-contor.ch\/index.php\/verwaltung\/","title":{"rendered":"Verwaltung"},"content":{"rendered":"\t\t<div \nWarning: Increment on type bool has no effect, this will change in the next major version of PHP in \/home\/httpd\/vhosts\/immo-contor.ch\/dev.immo-contor.ch\/wp-content\/plugins\/elementor\/includes\/base\/controls-stack.php on line 741\ndata-elementor-type=\"wp-page\" data-elementor-id=\"85\" class=\"elementor elementor-85\">\n\t\t\t\t<div class=\"elementor-element elementor-element-9aa9cbf e-flex e-con-boxed e-con e-parent\" data-id=\"9aa9cbf\" data-element_type=\"container\">\n\t\t\t\t\t<div class=\"e-con-inner\">\n\t\t<div class=\"elementor-element elementor-element-3729943 e-con-full e-flex e-con e-child\" data-id=\"3729943\" data-element_type=\"container\">\n\t\t\t\t<div class=\"elementor-element elementor-element-e862b6a elementor-widget elementor-widget-image\" data-id=\"e862b6a\" data-element_type=\"widget\" data-widget_type=\"image.default\">\n\t\t\t\t<div class=\"elementor-widget-container\">\n\t\t\t\t\t\t\t\t\t\t\t\t\t\t\t<img fetchpriority=\"high\" decoding=\"async\" width=\"1024\" height=\"438\" src=\"http:\/\/dev.immo-contor.ch\/wp-content\/uploads\/2023\/11\/pexels-anete-lusina-4792498-e1747921095764-1024x438.jpg\" class=\"attachment-large size-large wp-image-162\" alt=\"\" srcset=\"http:\/\/dev.immo-contor.ch\/wp-content\/uploads\/2023\/11\/pexels-anete-lusina-4792498-e1747921095764-1024x438.jpg 1024w, http:\/\/dev.immo-contor.ch\/wp-content\/uploads\/2023\/11\/pexels-anete-lusina-4792498-e1747921095764-300x128.jpg 300w, http:\/\/dev.immo-contor.ch\/wp-content\/uploads\/2023\/11\/pexels-anete-lusina-4792498-e1747921095764-768x329.jpg 768w, http:\/\/dev.immo-contor.ch\/wp-content\/uploads\/2023\/11\/pexels-anete-lusina-4792498-e1747921095764-1536x658.jpg 1536w, http:\/\/dev.immo-contor.ch\/wp-content\/uploads\/2023\/11\/pexels-anete-lusina-4792498-e1747921095764.jpg 1920w\" sizes=\"(max-width: 1024px) 100vw, 1024px\" \/>\t\t\t\t\t\t\t\t\t\t\t\t\t\t\t<\/div>\n\t\t\t\t<\/div>\n\t\t\t\t<\/div>\n\t\t\t\t\t<\/div>\n\t\t\t\t<\/div>\n\t\t<div class=\"elementor-element elementor-element-bf7853f e-flex e-con-boxed e-con e-parent\" data-id=\"bf7853f\" data-element_type=\"container\">\n\t\t\t\t\t<div class=\"e-con-inner\">\n\t\t\t\t<div class=\"elementor-element elementor-element-d46435e elementor-widget elementor-widget-spacer\" data-id=\"d46435e\" data-element_type=\"widget\" data-widget_type=\"spacer.default\">\n\t\t\t\t<div class=\"elementor-widget-container\">\n\t\t\t\t\t\t\t<div class=\"elementor-spacer\">\n\t\t\t<div class=\"elementor-spacer-inner\"><\/div>\n\t\t<\/div>\n\t\t\t\t\t\t<\/div>\n\t\t\t\t<\/div>\n\t\t\t\t\t<\/div>\n\t\t\t\t<\/div>\n\t\t<div class=\"elementor-element elementor-element-d1b2637 e-flex e-con-boxed e-con e-parent\" data-id=\"d1b2637\" data-element_type=\"container\">\n\t\t\t\t\t<div class=\"e-con-inner\">\n\t\t<div class=\"elementor-element elementor-element-7441878 e-con-full e-flex e-con e-child\" data-id=\"7441878\" data-element_type=\"container\">\n\t\t\t\t<div class=\"elementor-element elementor-element-8be2db6 elementor-widget elementor-widget-heading\" data-id=\"8be2db6\" data-element_type=\"widget\" data-widget_type=\"heading.default\">\n\t\t\t\t<div class=\"elementor-widget-container\">\n\t\t\t\t\t<h2 class=\"elementor-heading-title elementor-size-default\">Administrative Verwaltung<\/h2>\t\t\t\t<\/div>\n\t\t\t\t<\/div>\n\t\t\t\t<div class=\"elementor-element elementor-element-4b702c6 elementor-widget elementor-widget-text-editor\" data-id=\"4b702c6\" data-element_type=\"widget\" data-widget_type=\"text-editor.default\">\n\t\t\t\t<div class=\"elementor-widget-container\">\n\t\t\t\t\t\t\t\t\t<p>Bei der administrativen Verwaltung der Immobilien richten wir unser Augenmerk einerseits auf das Erzielen einer angemessenen Rendite und andererseits auf die langfristige Werterhaltung der Liegenschaften, um so den maximalen Nutzen f\u00fcr Sie zu generieren. Andererseits sollen die Bed\u00fcrfnisse der Bewohner ber\u00fccksichtigt werden. Die Aufgabe der Verwaltung ist es, diese zwei Interessen m\u00f6glichst gut auszubalancieren, um ein Klima des Vertrauens und der Kontinuit\u00e4t zu erreichen.<\/p>\t\t\t\t\t\t\t\t<\/div>\n\t\t\t\t<\/div>\n\t\t\t\t<\/div>\n\t\t<div class=\"elementor-element elementor-element-a6380a1 e-con-full e-flex e-con e-child\" data-id=\"a6380a1\" data-element_type=\"container\">\n\t\t\t\t<div class=\"elementor-element elementor-element-85c75b9 elementor-widget elementor-widget-heading\" data-id=\"85c75b9\" data-element_type=\"widget\" data-widget_type=\"heading.default\">\n\t\t\t\t<div class=\"elementor-widget-container\">\n\t\t\t\t\t<h2 class=\"elementor-heading-title elementor-size-default\">Technische Verwaltung<\/h2>\t\t\t\t<\/div>\n\t\t\t\t<\/div>\n\t\t\t\t<div class=\"elementor-element elementor-element-1b85834 elementor-widget elementor-widget-text-editor\" data-id=\"1b85834\" data-element_type=\"widget\" data-widget_type=\"text-editor.default\">\n\t\t\t\t<div class=\"elementor-widget-container\">\n\t\t\t\t\t\t\t\t\t<p><em>\u00dcberlassen Sie uns die Verwaltung Ihrer Immobilie!<\/em> Wir k\u00fcmmern uns um alle Administrativen Aufgaben, damit Sie sorgefrei Ihr Eigentum geniessen k\u00f6nnen.<\/p>\t\t\t\t\t\t\t\t<\/div>\n\t\t\t\t<\/div>\n\t\t\t\t<div class=\"elementor-element elementor-element-f711a77 elementor-widget elementor-widget-text-editor\" data-id=\"f711a77\" data-element_type=\"widget\" data-widget_type=\"text-editor.default\">\n\t\t\t\t<div class=\"elementor-widget-container\">\n\t\t\t\t\t\t\t\t\t<p>Bei der technischen Verwaltung der Immobilien richten wir unser Augenmerk auf die langfristige Werterhaltung der Liegenschaften, um so den maximalen Nutzen f\u00fcr Sie zu generieren. Dies umfasst den Liegenschaftsbetrieb, der oft auch direkt vor Ort erledigt werden muss. Die Dienstleistungen k\u00f6nnen wir Ihren Bed\u00fcrfnissen anpassen. Unser Technischer Dienst (TD) steht Ihnen gerne zur Beratung und Optimierung Ihrer Liegenschaften zur Verf\u00fcgung.<\/p>\t\t\t\t\t\t\t\t<\/div>\n\t\t\t\t<\/div>\n\t\t\t\t<\/div>\n\t\t\t\t\t<\/div>\n\t\t\t\t<\/div>\n\t\t<div class=\"elementor-element elementor-element-8b7cf69 e-flex e-con-boxed e-con e-parent\" data-id=\"8b7cf69\" data-element_type=\"container\">\n\t\t\t\t\t<div class=\"e-con-inner\">\n\t\t<div class=\"elementor-element elementor-element-f963645 e-con-full e-flex e-con e-child\" data-id=\"f963645\" data-element_type=\"container\">\n\t\t\t\t<div class=\"elementor-element elementor-element-0375f25 elementor-widget elementor-widget-heading\" data-id=\"0375f25\" data-element_type=\"widget\" data-widget_type=\"heading.default\">\n\t\t\t\t<div class=\"elementor-widget-container\">\n\t\t\t\t\t<h2 class=\"elementor-heading-title elementor-size-default\">Administratives Mandat<\/h2>\t\t\t\t<\/div>\n\t\t\t\t<\/div>\n\t\t\t\t<div class=\"elementor-element elementor-element-899194d elementor-widget elementor-widget-text-editor\" data-id=\"899194d\" data-element_type=\"widget\" data-widget_type=\"text-editor.default\">\n\t\t\t\t<div class=\"elementor-widget-container\">\n\t\t\t\t\t\t\t\t\t<ul><li>Wiedervermietung von Mietobjekten<\/li><li>Mietvertragsverhandlungen inkl. Referenzpr\u00fcfung<\/li><li>Mietvertragsverwaltung<\/li><li>Controlling und Reporting auf Portfolio- und Liegenschaftsebene<\/li><li>Abschl\u00fcsse durchf\u00fchren<\/li><li>Massgeschneiderte Berichte<\/li><li>Debitoren-\/Kreditorenbetreuung<\/li><li>Inkasso<\/li><li>Heiz- und Betriebskostenabrechnung erstellen<\/li><li>Abwicklung von Schadenf\u00e4llen<\/li><li>Berechnung von Mietzinsanpassungen<\/li><\/ul>\t\t\t\t\t\t\t\t<\/div>\n\t\t\t\t<\/div>\n\t\t\t\t<\/div>\n\t\t<div class=\"elementor-element elementor-element-1f1e44d e-con-full e-flex e-con e-child\" data-id=\"1f1e44d\" data-element_type=\"container\">\n\t\t\t\t<div class=\"elementor-element elementor-element-224d363 elementor-widget elementor-widget-heading\" data-id=\"224d363\" data-element_type=\"widget\" data-widget_type=\"heading.default\">\n\t\t\t\t<div class=\"elementor-widget-container\">\n\t\t\t\t\t<h2 class=\"elementor-heading-title elementor-size-default\">Vermietung<\/h2>\t\t\t\t<\/div>\n\t\t\t\t<\/div>\n\t\t\t\t<div class=\"elementor-element elementor-element-6e1ac22 elementor-widget elementor-widget-text-editor\" data-id=\"6e1ac22\" data-element_type=\"widget\" data-widget_type=\"text-editor.default\">\n\t\t\t\t<div class=\"elementor-widget-container\">\n\t\t\t\t\t\t\t\t\t<ul><li>Erstvermietung<\/li><li>Wiedervermietung<\/li><li>Spezialvermietung<\/li><li>Entmietung<\/li><li>Standort-, Markt- und Objektanalysen<\/li><li>Vermarktungs- und Kommunikationskonzepte<\/li><li>Mietzinskalkulationen<\/li><li>Projektleitung und Beratung<\/li><li>Projektcontrolling und -reporting<\/li><li>Suchauftr\u00e4ge<\/li><li>Steuerung von Drittunternehmen<\/li><\/ul>\t\t\t\t\t\t\t\t<\/div>\n\t\t\t\t<\/div>\n\t\t\t\t<\/div>\n\t\t\t\t\t<\/div>\n\t\t\t\t<\/div>\n\t\t\t\t<\/div>\n\t\t","protected":false},"excerpt":{"rendered":"<p>Administrative Verwaltung Bei der administrativen Verwaltung der Immobilien richten wir unser Augenmerk einerseits auf das Erzielen einer angemessenen Rendite und andererseits auf die langfristige Werterhaltung der Liegenschaften, um so den maximalen Nutzen f\u00fcr Sie zu generieren. Andererseits sollen die Bed\u00fcrfnisse der Bewohner ber\u00fccksichtigt werden. Die Aufgabe der Verwaltung ist es, diese zwei Interessen m\u00f6glichst gut [&hellip;]<\/p>\n","protected":false},"author":1,"featured_media":0,"parent":0,"menu_order":0,"comment_status":"closed","ping_status":"closed","template":"","meta":{"footnotes":""},"class_list":["post-85","page","type-page","status-publish","hentry"],"_links":{"self":[{"href":"http:\/\/dev.immo-contor.ch\/index.php\/wp-json\/wp\/v2\/pages\/85","targetHints":{"allow":["GET"]}}],"collection":[{"href":"http:\/\/dev.immo-contor.ch\/index.php\/wp-json\/wp\/v2\/pages"}],"about":[{"href":"http:\/\/dev.immo-contor.ch\/index.php\/wp-json\/wp\/v2\/types\/page"}],"author":[{"embeddable":true,"href":"http:\/\/dev.immo-contor.ch\/index.php\/wp-json\/wp\/v2\/users\/1"}],"replies":[{"embeddable":true,"href":"http:\/\/dev.immo-contor.ch\/index.php\/wp-json\/wp\/v2\/comments?post=85"}],"version-history":[{"count":20,"href":"http:\/\/dev.immo-contor.ch\/index.php\/wp-json\/wp\/v2\/pages\/85\/revisions"}],"predecessor-version":[{"id":344,"href":"http:\/\/dev.immo-contor.ch\/index.php\/wp-json\/wp\/v2\/pages\/85\/revisions\/344"}],"wp:attachment":[{"href":"http:\/\/dev.immo-contor.ch\/index.php\/wp-json\/wp\/v2\/media?parent=85"}],"curies":[{"name":"wp","href":"https:\/\/api.w.org\/{rel}","templated":true}]}}