{"id":9,"date":"2023-10-30T14:24:44","date_gmt":"2023-10-30T14:24:44","guid":{"rendered":"http:\/\/dev.immo-contor.ch\/?page_id=9"},"modified":"2025-06-10T08:18:51","modified_gmt":"2025-06-10T08:18:51","slug":"startseite","status":"publish","type":"page","link":"http:\/\/dev.immo-contor.ch\/","title":{"rendered":"startseite"},"content":{"rendered":"\t\t<div \nWarning: Increment on type bool has no effect, this will change in the next major version of PHP in \/home\/httpd\/vhosts\/immo-contor.ch\/dev.immo-contor.ch\/wp-content\/plugins\/elementor\/includes\/base\/controls-stack.php on line 741\ndata-elementor-type=\"wp-page\" data-elementor-id=\"9\" class=\"elementor elementor-9\">\n\t\t\t\t<div class=\"elementor-element elementor-element-abcab4b e-con-full e-flex e-con e-parent\" data-id=\"abcab4b\" data-element_type=\"container\">\n\t\t\t\t<\/div>\n\t\t<div class=\"elementor-element elementor-element-f0c237b e-flex e-con-boxed e-con e-parent\" data-id=\"f0c237b\" data-element_type=\"container\">\n\t\t\t\t\t<div class=\"e-con-inner\">\n\t\t\t\t<div class=\"elementor-element elementor-element-25b5b0a elementor-widget elementor-widget-spacer\" data-id=\"25b5b0a\" data-element_type=\"widget\" data-widget_type=\"spacer.default\">\n\t\t\t\t<div class=\"elementor-widget-container\">\n\t\t\t\t\t\t\t<div class=\"elementor-spacer\">\n\t\t\t<div class=\"elementor-spacer-inner\"><\/div>\n\t\t<\/div>\n\t\t\t\t\t\t<\/div>\n\t\t\t\t<\/div>\n\t\t\t\t\t<\/div>\n\t\t\t\t<\/div>\n\t\t<div class=\"elementor-element elementor-element-28d202d e-flex e-con-boxed e-con e-parent\" data-id=\"28d202d\" data-element_type=\"container\">\n\t\t\t\t\t<div class=\"e-con-inner\">\n\t\t<div class=\"elementor-element elementor-element-282e534 e-con-full e-flex e-con e-child\" data-id=\"282e534\" data-element_type=\"container\">\n\t\t\t\t<div class=\"elementor-element elementor-element-3c5a640 elementor-widget elementor-widget-heading\" data-id=\"3c5a640\" data-element_type=\"widget\" data-widget_type=\"heading.default\">\n\t\t\t\t<div class=\"elementor-widget-container\">\n\t\t\t\t\t<h1 class=\"elementor-heading-title elementor-size-default\">Immo-Contor AG - Ihr Partner f\u00fcr Immobilien<\/h1>\t\t\t\t<\/div>\n\t\t\t\t<\/div>\n\t\t\t\t<div class=\"elementor-element elementor-element-707022f elementor-widget elementor-widget-text-editor\" data-id=\"707022f\" data-element_type=\"widget\" data-widget_type=\"text-editor.default\">\n\t\t\t\t<div class=\"elementor-widget-container\">\n\t\t\t\t\t\t\t\t\t<p>Als regionaler Immobilienmakler engagieren wir uns jeden Tag f\u00fcr unsere Privat- und Gesch\u00e4ftskunden in der Region Ostschweiz. Seit der \u00dcbernahme der Firma durch Rolf Beerli setzen wir uns f\u00fcr eine faire Beratung, makellose Qualit\u00e4t und langfristige Zufriedenheit ein. Das Unternehmen mit Sitz in Romanshorn und St.Gallen verf\u00fcgt \u00fcber acht Mitarbeitende. Dank unseren Immobilienexperten in den Bereichen Liegenschaftsbewertungen, Verkauf, Vermietung und Verwaltung kennen wir den Markt und unterst\u00fctzen Sie unseren fundierten Kenntnissen bei allen Anliegen rund um das Thema Immobilien. Unser Ziel ist es, Ihnen den bestm\u00f6glichen Service zu bieten und Ihre individuellen Anforderungen zu erf\u00fcllen.<\/p><p><br \/>Wir glauben, dass jedes Unternehmen eine soziale Verantwortung hat. Aus diesem Grund engagieren wir uns in enger Zusammenarbeit mit der Br\u00fcggli AG f\u00fcr eine nachhaltige und sozial vertr\u00e4gliche Immobilienentwicklung. Gemeinsam setzen wir uns f\u00fcr Projekte ein, welche die Lebensqualit\u00e4t in unserer Gesellschaft steigern und ein umweltbewusstes Handeln f\u00f6rdern.<\/p>\t\t\t\t\t\t\t\t<\/div>\n\t\t\t\t<\/div>\n\t\t\t\t<\/div>\n\t\t<div class=\"elementor-element elementor-element-acd77b5 e-con-full e-flex e-con e-child\" data-id=\"acd77b5\" data-element_type=\"container\" data-settings=\"{&quot;background_background&quot;:&quot;classic&quot;}\">\n\t\t\t\t<div class=\"elementor-element elementor-element-c1d1ee2 elementor-widget elementor-widget-text-editor\" data-id=\"c1d1ee2\" data-element_type=\"widget\" data-widget_type=\"text-editor.default\">\n\t\t\t\t<div class=\"elementor-widget-container\">\n\t\t\t\t\t\t\t\t\t<h3>M\u00f6chten Sie eine Liegenschaft verkaufen oder erwerben?<\/h3>\t\t\t\t\t\t\t\t<\/div>\n\t\t\t\t<\/div>\n\t\t\t\t<div class=\"elementor-element elementor-element-e61f847 elementor-widget elementor-widget-text-editor\" data-id=\"e61f847\" data-element_type=\"widget\" data-widget_type=\"text-editor.default\">\n\t\t\t\t<div class=\"elementor-widget-container\">\n\t\t\t\t\t\t\t\t\t<p><em>Egal, ob Sie Ihr Traumhaus suchen, Ihre Immobilie verkaufen m\u00f6chten oder eine professionelle Verwaltung ben\u00f6tigen \u2013 bei Immo-Contor AG sind Sie in guten H\u00e4nden. Kontaktieren Sie uns noch heute und lassen Sie uns gemeinsam Ihre Immobilienziele verwirklichen!<\/em><\/p>\t\t\t\t\t\t\t\t<\/div>\n\t\t\t\t<\/div>\n\t\t\t\t<div class=\"elementor-element elementor-element-c1f5857 elementor-align-center elementor-widget elementor-widget-button\" data-id=\"c1f5857\" data-element_type=\"widget\" data-widget_type=\"button.default\">\n\t\t\t\t<div class=\"elementor-widget-container\">\n\t\t\t\t\t\t\t\t\t<div class=\"elementor-button-wrapper\">\n\t\t\t\t\t<a class=\"elementor-button elementor-button-link elementor-size-md\" href=\"#\">\n\t\t\t\t\t\t<span class=\"elementor-button-content-wrapper\">\n\t\t\t\t\t\t\t\t\t<span class=\"elementor-button-text\">Erfahren Sie hier mehr<\/span>\n\t\t\t\t\t<\/span>\n\t\t\t\t\t<\/a>\n\t\t\t\t<\/div>\n\t\t\t\t\t\t\t\t<\/div>\n\t\t\t\t<\/div>\n\t\t\t\t<\/div>\n\t\t\t\t\t<\/div>\n\t\t\t\t<\/div>\n\t\t<div class=\"elementor-element elementor-element-ec78e4e e-flex e-con-boxed e-con e-parent\" data-id=\"ec78e4e\" data-element_type=\"container\">\n\t\t\t\t\t<div class=\"e-con-inner\">\n\t\t\t\t<div class=\"elementor-element elementor-element-bd631e8 elementor-widget elementor-widget-spacer\" data-id=\"bd631e8\" data-element_type=\"widget\" data-widget_type=\"spacer.default\">\n\t\t\t\t<div class=\"elementor-widget-container\">\n\t\t\t\t\t\t\t<div class=\"elementor-spacer\">\n\t\t\t<div class=\"elementor-spacer-inner\"><\/div>\n\t\t<\/div>\n\t\t\t\t\t\t<\/div>\n\t\t\t\t<\/div>\n\t\t\t\t\t<\/div>\n\t\t\t\t<\/div>\n\t\t\t\t<\/div>\n\t\t","protected":false},"excerpt":{"rendered":"<p>Immo-Contor AG &#8211; Ihr Partner f\u00fcr Immobilien Als regionaler Immobilienmakler engagieren wir uns jeden Tag f\u00fcr unsere Privat- und Gesch\u00e4ftskunden in der Region Ostschweiz. Seit der \u00dcbernahme der Firma durch Rolf Beerli setzen wir uns f\u00fcr eine faire Beratung, makellose Qualit\u00e4t und langfristige Zufriedenheit ein. Das Unternehmen mit Sitz in Romanshorn und St.Gallen verf\u00fcgt \u00fcber [&hellip;]<\/p>\n","protected":false},"author":1,"featured_media":0,"parent":0,"menu_order":0,"comment_status":"closed","ping_status":"closed","template":"","meta":{"footnotes":""},"class_list":["post-9","page","type-page","status-publish","hentry"],"_links":{"self":[{"href":"http:\/\/dev.immo-contor.ch\/index.php\/wp-json\/wp\/v2\/pages\/9","targetHints":{"allow":["GET"]}}],"collection":[{"href":"http:\/\/dev.immo-contor.ch\/index.php\/wp-json\/wp\/v2\/pages"}],"about":[{"href":"http:\/\/dev.immo-contor.ch\/index.php\/wp-json\/wp\/v2\/types\/page"}],"author":[{"embeddable":true,"href":"http:\/\/dev.immo-contor.ch\/index.php\/wp-json\/wp\/v2\/users\/1"}],"replies":[{"embeddable":true,"href":"http:\/\/dev.immo-contor.ch\/index.php\/wp-json\/wp\/v2\/comments?post=9"}],"version-history":[{"count":91,"href":"http:\/\/dev.immo-contor.ch\/index.php\/wp-json\/wp\/v2\/pages\/9\/revisions"}],"predecessor-version":[{"id":372,"href":"http:\/\/dev.immo-contor.ch\/index.php\/wp-json\/wp\/v2\/pages\/9\/revisions\/372"}],"wp:attachment":[{"href":"http:\/\/dev.immo-contor.ch\/index.php\/wp-json\/wp\/v2\/media?parent=9"}],"curies":[{"name":"wp","href":"https:\/\/api.w.org\/{rel}","templated":true}]}}